{"id":301,"date":"2022-06-28T16:48:34","date_gmt":"2022-06-28T14:48:34","guid":{"rendered":"http:\/\/bouconprojects.fr\/?page_id=301"},"modified":"2022-06-29T10:09:01","modified_gmt":"2022-06-29T08:09:01","slug":"domaine-de-rymska","status":"publish","type":"page","link":"https:\/\/bouconprojects.fr\/index.php\/domaine-de-rymska\/","title":{"rendered":"Domaine-de-Rymska"},"content":{"rendered":"\t\t<div data-elementor-type=\"wp-page\" data-elementor-id=\"301\" class=\"elementor elementor-301\" data-elementor-post-type=\"page\">\n\t\t\t\t\t\t<section class=\"elementor-section elementor-top-section elementor-element elementor-element-4de53f3 elementor-section-boxed elementor-section-height-default elementor-section-height-default\" data-id=\"4de53f3\" data-element_type=\"section\">\n\t\t\t\t\t\t<div class=\"elementor-container elementor-column-gap-default\">\n\t\t\t\t\t<div class=\"elementor-column elementor-col-100 elementor-top-column elementor-element elementor-element-8050457\" data-id=\"8050457\" data-element_type=\"column\">\n\t\t\t<div class=\"elementor-widget-wrap elementor-element-populated\">\n\t\t\t\t\t\t<div class=\"elementor-element elementor-element-e4c1be2 elementor-widget elementor-widget-heading\" data-id=\"e4c1be2\" data-element_type=\"widget\" data-widget_type=\"heading.default\">\n\t\t\t\t<div class=\"elementor-widget-container\">\n\t\t\t\t\t<h2 class=\"elementor-heading-title elementor-size-default\">Domaine de Rymska<\/h2>\t\t\t\t<\/div>\n\t\t\t\t<\/div>\n\t\t\t\t<div class=\"elementor-element elementor-element-999c91f elementor-widget elementor-widget-spacer\" data-id=\"999c91f\" data-element_type=\"widget\" data-widget_type=\"spacer.default\">\n\t\t\t\t<div class=\"elementor-widget-container\">\n\t\t\t\t\t\t\t<div class=\"elementor-spacer\">\n\t\t\t<div class=\"elementor-spacer-inner\"><\/div>\n\t\t<\/div>\n\t\t\t\t\t\t<\/div>\n\t\t\t\t<\/div>\n\t\t\t\t\t<\/div>\n\t\t<\/div>\n\t\t\t\t\t<\/div>\n\t\t<\/section>\n\t\t\t\t<section class=\"elementor-section elementor-top-section elementor-element elementor-element-5717456 elementor-section-boxed elementor-section-height-default elementor-section-height-default\" data-id=\"5717456\" data-element_type=\"section\">\n\t\t\t\t\t\t<div class=\"elementor-container elementor-column-gap-default\">\n\t\t\t\t\t<div class=\"elementor-column elementor-col-100 elementor-top-column elementor-element elementor-element-4052828\" data-id=\"4052828\" data-element_type=\"column\">\n\t\t\t<div class=\"elementor-widget-wrap elementor-element-populated\">\n\t\t\t\t\t\t<div class=\"elementor-element elementor-element-9e1a31a elementor-widget elementor-widget-image\" data-id=\"9e1a31a\" data-element_type=\"widget\" data-widget_type=\"image.default\">\n\t\t\t\t<div class=\"elementor-widget-container\">\n\t\t\t\t\t\t\t\t\t\t\t\t\t\t\t<img fetchpriority=\"high\" decoding=\"async\" width=\"1024\" height=\"391\" src=\"https:\/\/bouconprojects.fr\/wp-content\/uploads\/2022\/06\/Rymska-1024x391.jpg\" class=\"attachment-large size-large wp-image-308\" alt=\"\" srcset=\"https:\/\/bouconprojects.fr\/wp-content\/uploads\/2022\/06\/Rymska-1024x391.jpg 1024w, https:\/\/bouconprojects.fr\/wp-content\/uploads\/2022\/06\/Rymska-300x115.jpg 300w, https:\/\/bouconprojects.fr\/wp-content\/uploads\/2022\/06\/Rymska-768x294.jpg 768w, https:\/\/bouconprojects.fr\/wp-content\/uploads\/2022\/06\/Rymska-1536x587.jpg 1536w, https:\/\/bouconprojects.fr\/wp-content\/uploads\/2022\/06\/Rymska.jpg 1920w\" sizes=\"(max-width: 1024px) 100vw, 1024px\" \/>\t\t\t\t\t\t\t\t\t\t\t\t\t\t\t<\/div>\n\t\t\t\t<\/div>\n\t\t\t\t\t<\/div>\n\t\t<\/div>\n\t\t\t\t\t<\/div>\n\t\t<\/section>\n\t\t\t\t<section class=\"elementor-section elementor-top-section elementor-element elementor-element-1269e0b elementor-section-boxed elementor-section-height-default elementor-section-height-default\" data-id=\"1269e0b\" data-element_type=\"section\">\n\t\t\t\t\t\t<div class=\"elementor-container elementor-column-gap-default\">\n\t\t\t\t\t<div class=\"elementor-column elementor-col-50 elementor-top-column elementor-element elementor-element-cde5801\" data-id=\"cde5801\" data-element_type=\"column\">\n\t\t\t<div class=\"elementor-widget-wrap elementor-element-populated\">\n\t\t\t\t\t\t<div class=\"elementor-element elementor-element-a3290d1 elementor-widget elementor-widget-spacer\" data-id=\"a3290d1\" data-element_type=\"widget\" data-widget_type=\"spacer.default\">\n\t\t\t\t<div class=\"elementor-widget-container\">\n\t\t\t\t\t\t\t<div class=\"elementor-spacer\">\n\t\t\t<div class=\"elementor-spacer-inner\"><\/div>\n\t\t<\/div>\n\t\t\t\t\t\t<\/div>\n\t\t\t\t<\/div>\n\t\t\t\t<div class=\"elementor-element elementor-element-bb67460 elementor-widget elementor-widget-text-editor\" data-id=\"bb67460\" data-element_type=\"widget\" data-widget_type=\"text-editor.default\">\n\t\t\t\t<div class=\"elementor-widget-container\">\n\t\t\t\t\t\t\t\t\t<p><span style=\"color: #000000;\">Pavage en pierre, bassin proven\u00e7al taill\u00e9, gros \u0153uvre en ma\u00e7onnerie de pierre, seuils sculpt\u00e9s, murs<\/span><br \/><span style=\"color: #000000;\">en pierre de taille et enduits taloch\u00e9s main.<\/span><br \/><span style=\"color: #000000;\">Cr\u00e9ation d&amp;#39;extensions avec salles de bains en pierre et granit, terrasses, coursives, escaliers&#8230;<\/span><\/p>\t\t\t\t\t\t\t\t<\/div>\n\t\t\t\t<\/div>\n\t\t\t\t<div class=\"elementor-element elementor-element-1d0753c elementor-widget elementor-widget-spacer\" data-id=\"1d0753c\" data-element_type=\"widget\" data-widget_type=\"spacer.default\">\n\t\t\t\t<div class=\"elementor-widget-container\">\n\t\t\t\t\t\t\t<div class=\"elementor-spacer\">\n\t\t\t<div class=\"elementor-spacer-inner\"><\/div>\n\t\t<\/div>\n\t\t\t\t\t\t<\/div>\n\t\t\t\t<\/div>\n\t\t\t\t\t<\/div>\n\t\t<\/div>\n\t\t\t\t<div class=\"elementor-column elementor-col-50 elementor-top-column elementor-element elementor-element-044f77b\" data-id=\"044f77b\" data-element_type=\"column\">\n\t\t\t<div class=\"elementor-widget-wrap elementor-element-populated\">\n\t\t\t\t\t\t<div class=\"elementor-element elementor-element-28d9254 elementor-widget elementor-widget-image\" data-id=\"28d9254\" data-element_type=\"widget\" data-widget_type=\"image.default\">\n\t\t\t\t<div class=\"elementor-widget-container\">\n\t\t\t\t\t\t\t\t\t\t\t\t\t\t\t<img decoding=\"async\" width=\"1024\" height=\"576\" src=\"https:\/\/bouconprojects.fr\/wp-content\/uploads\/2022\/06\/Rymska-2-1-1024x576.jpg\" class=\"attachment-large size-large wp-image-310\" alt=\"\" srcset=\"https:\/\/bouconprojects.fr\/wp-content\/uploads\/2022\/06\/Rymska-2-1-1024x576.jpg 1024w, https:\/\/bouconprojects.fr\/wp-content\/uploads\/2022\/06\/Rymska-2-1-300x169.jpg 300w, https:\/\/bouconprojects.fr\/wp-content\/uploads\/2022\/06\/Rymska-2-1-768x432.jpg 768w, https:\/\/bouconprojects.fr\/wp-content\/uploads\/2022\/06\/Rymska-2-1.jpg 1050w\" sizes=\"(max-width: 1024px) 100vw, 1024px\" \/>\t\t\t\t\t\t\t\t\t\t\t\t\t\t\t<\/div>\n\t\t\t\t<\/div>\n\t\t\t\t\t<\/div>\n\t\t<\/div>\n\t\t\t\t\t<\/div>\n\t\t<\/section>\n\t\t\t\t<\/div>\n\t\t","protected":false},"excerpt":{"rendered":"<p>Domaine de Rymska Pavage en pierre, bassin proven\u00e7al taill\u00e9, gros \u0153uvre en ma\u00e7onnerie de pierre, seuils sculpt\u00e9s, mursen pierre de taille et enduits taloch\u00e9s main.Cr\u00e9ation d&amp;#39;extensions avec salles de bains en pierre et granit, terrasses, coursives, escaliers&#8230;<\/p>\n","protected":false},"author":1,"featured_media":0,"parent":0,"menu_order":0,"comment_status":"closed","ping_status":"closed","template":"","meta":{"footnotes":""},"class_list":["post-301","page","type-page","status-publish","hentry"],"yoast_head":"<!-- This site is optimized with the Yoast SEO plugin v24.5 - https:\/\/yoast.com\/wordpress\/plugins\/seo\/ -->\n<title>Domaine-de-Rymska - BouconProjects<\/title>\n<meta name=\"robots\" content=\"index, follow, max-snippet:-1, max-image-preview:large, max-video-preview:-1\" \/>\n<link rel=\"canonical\" href=\"https:\/\/bouconprojects.fr\/index.php\/domaine-de-rymska\/\" \/>\n<meta property=\"og:locale\" content=\"fr_FR\" \/>\n<meta property=\"og:type\" content=\"article\" \/>\n<meta property=\"og:title\" content=\"Domaine-de-Rymska - BouconProjects\" \/>\n<meta property=\"og:description\" content=\"Domaine de Rymska Pavage en pierre, bassin proven\u00e7al taill\u00e9, gros \u0153uvre en ma\u00e7onnerie de pierre, seuils sculpt\u00e9s, mursen pierre de taille et enduits taloch\u00e9s main.Cr\u00e9ation d&amp;#39;extensions avec salles de bains en pierre et granit, terrasses, coursives, escaliers&#8230;\" \/>\n<meta property=\"og:url\" content=\"https:\/\/bouconprojects.fr\/index.php\/domaine-de-rymska\/\" \/>\n<meta property=\"og:site_name\" content=\"BouconProjects\" \/>\n<meta property=\"article:modified_time\" content=\"2022-06-29T08:09:01+00:00\" \/>\n<meta property=\"og:image\" content=\"http:\/\/bouconprojects.fr\/wp-content\/uploads\/2022\/06\/Rymska-1024x391.jpg\" \/>\n<meta name=\"twitter:card\" content=\"summary_large_image\" \/>\n<script type=\"application\/ld+json\" class=\"yoast-schema-graph\">{\"@context\":\"https:\/\/schema.org\",\"@graph\":[{\"@type\":\"WebPage\",\"@id\":\"https:\/\/bouconprojects.fr\/index.php\/domaine-de-rymska\/\",\"url\":\"https:\/\/bouconprojects.fr\/index.php\/domaine-de-rymska\/\",\"name\":\"Domaine-de-Rymska - BouconProjects\",\"isPartOf\":{\"@id\":\"https:\/\/bouconprojects.fr\/#website\"},\"primaryImageOfPage\":{\"@id\":\"https:\/\/bouconprojects.fr\/index.php\/domaine-de-rymska\/#primaryimage\"},\"image\":{\"@id\":\"https:\/\/bouconprojects.fr\/index.php\/domaine-de-rymska\/#primaryimage\"},\"thumbnailUrl\":\"http:\/\/bouconprojects.fr\/wp-content\/uploads\/2022\/06\/Rymska-1024x391.jpg\",\"datePublished\":\"2022-06-28T14:48:34+00:00\",\"dateModified\":\"2022-06-29T08:09:01+00:00\",\"breadcrumb\":{\"@id\":\"https:\/\/bouconprojects.fr\/index.php\/domaine-de-rymska\/#breadcrumb\"},\"inLanguage\":\"fr-FR\",\"potentialAction\":[{\"@type\":\"ReadAction\",\"target\":[\"https:\/\/bouconprojects.fr\/index.php\/domaine-de-rymska\/\"]}]},{\"@type\":\"ImageObject\",\"inLanguage\":\"fr-FR\",\"@id\":\"https:\/\/bouconprojects.fr\/index.php\/domaine-de-rymska\/#primaryimage\",\"url\":\"http:\/\/bouconprojects.fr\/wp-content\/uploads\/2022\/06\/Rymska-1024x391.jpg\",\"contentUrl\":\"http:\/\/bouconprojects.fr\/wp-content\/uploads\/2022\/06\/Rymska-1024x391.jpg\"},{\"@type\":\"BreadcrumbList\",\"@id\":\"https:\/\/bouconprojects.fr\/index.php\/domaine-de-rymska\/#breadcrumb\",\"itemListElement\":[{\"@type\":\"ListItem\",\"position\":1,\"name\":\"Accueil\",\"item\":\"https:\/\/bouconprojects.fr\/\"},{\"@type\":\"ListItem\",\"position\":2,\"name\":\"Domaine-de-Rymska\"}]},{\"@type\":\"WebSite\",\"@id\":\"https:\/\/bouconprojects.fr\/#website\",\"url\":\"https:\/\/bouconprojects.fr\/\",\"name\":\"BouconProjects\",\"description\":\"Projets de caract\u00e8re, Maitrise des savoir-faire\",\"publisher\":{\"@id\":\"https:\/\/bouconprojects.fr\/#organization\"},\"potentialAction\":[{\"@type\":\"SearchAction\",\"target\":{\"@type\":\"EntryPoint\",\"urlTemplate\":\"https:\/\/bouconprojects.fr\/?s={search_term_string}\"},\"query-input\":{\"@type\":\"PropertyValueSpecification\",\"valueRequired\":true,\"valueName\":\"search_term_string\"}}],\"inLanguage\":\"fr-FR\"},{\"@type\":\"Organization\",\"@id\":\"https:\/\/bouconprojects.fr\/#organization\",\"name\":\"BouconProjects\",\"url\":\"https:\/\/bouconprojects.fr\/\",\"logo\":{\"@type\":\"ImageObject\",\"inLanguage\":\"fr-FR\",\"@id\":\"https:\/\/bouconprojects.fr\/#\/schema\/logo\/image\/\",\"url\":\"https:\/\/bouconprojects.fr\/wp-content\/uploads\/2022\/06\/Boucon-PROJ-reduit-e1655969747461.png\",\"contentUrl\":\"https:\/\/bouconprojects.fr\/wp-content\/uploads\/2022\/06\/Boucon-PROJ-reduit-e1655969747461.png\",\"width\":900,\"height\":344,\"caption\":\"BouconProjects\"},\"image\":{\"@id\":\"https:\/\/bouconprojects.fr\/#\/schema\/logo\/image\/\"}}]}<\/script>\n<!-- \/ Yoast SEO plugin. -->","yoast_head_json":{"title":"Domaine-de-Rymska - BouconProjects","robots":{"index":"index","follow":"follow","max-snippet":"max-snippet:-1","max-image-preview":"max-image-preview:large","max-video-preview":"max-video-preview:-1"},"canonical":"https:\/\/bouconprojects.fr\/index.php\/domaine-de-rymska\/","og_locale":"fr_FR","og_type":"article","og_title":"Domaine-de-Rymska - BouconProjects","og_description":"Domaine de Rymska Pavage en pierre, bassin proven\u00e7al taill\u00e9, gros \u0153uvre en ma\u00e7onnerie de pierre, seuils sculpt\u00e9s, mursen pierre de taille et enduits taloch\u00e9s main.Cr\u00e9ation d&amp;#39;extensions avec salles de bains en pierre et granit, terrasses, coursives, escaliers&#8230;","og_url":"https:\/\/bouconprojects.fr\/index.php\/domaine-de-rymska\/","og_site_name":"BouconProjects","article_modified_time":"2022-06-29T08:09:01+00:00","og_image":[{"url":"http:\/\/bouconprojects.fr\/wp-content\/uploads\/2022\/06\/Rymska-1024x391.jpg","type":"","width":"","height":""}],"twitter_card":"summary_large_image","schema":{"@context":"https:\/\/schema.org","@graph":[{"@type":"WebPage","@id":"https:\/\/bouconprojects.fr\/index.php\/domaine-de-rymska\/","url":"https:\/\/bouconprojects.fr\/index.php\/domaine-de-rymska\/","name":"Domaine-de-Rymska - BouconProjects","isPartOf":{"@id":"https:\/\/bouconprojects.fr\/#website"},"primaryImageOfPage":{"@id":"https:\/\/bouconprojects.fr\/index.php\/domaine-de-rymska\/#primaryimage"},"image":{"@id":"https:\/\/bouconprojects.fr\/index.php\/domaine-de-rymska\/#primaryimage"},"thumbnailUrl":"http:\/\/bouconprojects.fr\/wp-content\/uploads\/2022\/06\/Rymska-1024x391.jpg","datePublished":"2022-06-28T14:48:34+00:00","dateModified":"2022-06-29T08:09:01+00:00","breadcrumb":{"@id":"https:\/\/bouconprojects.fr\/index.php\/domaine-de-rymska\/#breadcrumb"},"inLanguage":"fr-FR","potentialAction":[{"@type":"ReadAction","target":["https:\/\/bouconprojects.fr\/index.php\/domaine-de-rymska\/"]}]},{"@type":"ImageObject","inLanguage":"fr-FR","@id":"https:\/\/bouconprojects.fr\/index.php\/domaine-de-rymska\/#primaryimage","url":"http:\/\/bouconprojects.fr\/wp-content\/uploads\/2022\/06\/Rymska-1024x391.jpg","contentUrl":"http:\/\/bouconprojects.fr\/wp-content\/uploads\/2022\/06\/Rymska-1024x391.jpg"},{"@type":"BreadcrumbList","@id":"https:\/\/bouconprojects.fr\/index.php\/domaine-de-rymska\/#breadcrumb","itemListElement":[{"@type":"ListItem","position":1,"name":"Accueil","item":"https:\/\/bouconprojects.fr\/"},{"@type":"ListItem","position":2,"name":"Domaine-de-Rymska"}]},{"@type":"WebSite","@id":"https:\/\/bouconprojects.fr\/#website","url":"https:\/\/bouconprojects.fr\/","name":"BouconProjects","description":"Projets de caract\u00e8re, Maitrise des savoir-faire","publisher":{"@id":"https:\/\/bouconprojects.fr\/#organization"},"potentialAction":[{"@type":"SearchAction","target":{"@type":"EntryPoint","urlTemplate":"https:\/\/bouconprojects.fr\/?s={search_term_string}"},"query-input":{"@type":"PropertyValueSpecification","valueRequired":true,"valueName":"search_term_string"}}],"inLanguage":"fr-FR"},{"@type":"Organization","@id":"https:\/\/bouconprojects.fr\/#organization","name":"BouconProjects","url":"https:\/\/bouconprojects.fr\/","logo":{"@type":"ImageObject","inLanguage":"fr-FR","@id":"https:\/\/bouconprojects.fr\/#\/schema\/logo\/image\/","url":"https:\/\/bouconprojects.fr\/wp-content\/uploads\/2022\/06\/Boucon-PROJ-reduit-e1655969747461.png","contentUrl":"https:\/\/bouconprojects.fr\/wp-content\/uploads\/2022\/06\/Boucon-PROJ-reduit-e1655969747461.png","width":900,"height":344,"caption":"BouconProjects"},"image":{"@id":"https:\/\/bouconprojects.fr\/#\/schema\/logo\/image\/"}}]}},"_links":{"self":[{"href":"https:\/\/bouconprojects.fr\/index.php\/wp-json\/wp\/v2\/pages\/301","targetHints":{"allow":["GET"]}}],"collection":[{"href":"https:\/\/bouconprojects.fr\/index.php\/wp-json\/wp\/v2\/pages"}],"about":[{"href":"https:\/\/bouconprojects.fr\/index.php\/wp-json\/wp\/v2\/types\/page"}],"author":[{"embeddable":true,"href":"https:\/\/bouconprojects.fr\/index.php\/wp-json\/wp\/v2\/users\/1"}],"replies":[{"embeddable":true,"href":"https:\/\/bouconprojects.fr\/index.php\/wp-json\/wp\/v2\/comments?post=301"}],"version-history":[{"count":10,"href":"https:\/\/bouconprojects.fr\/index.php\/wp-json\/wp\/v2\/pages\/301\/revisions"}],"predecessor-version":[{"id":317,"href":"https:\/\/bouconprojects.fr\/index.php\/wp-json\/wp\/v2\/pages\/301\/revisions\/317"}],"wp:attachment":[{"href":"https:\/\/bouconprojects.fr\/index.php\/wp-json\/wp\/v2\/media?parent=301"}],"curies":[{"name":"wp","href":"https:\/\/api.w.org\/{rel}","templated":true}]}}